{"id":518,"date":"2025-04-13T23:31:22","date_gmt":"2025-04-13T21:31:22","guid":{"rendered":"https:\/\/vrghapc.cluster021.hosting.ovh.net\/?page_id=518"},"modified":"2025-07-30T02:15:37","modified_gmt":"2025-07-30T00:15:37","slug":"composition-son-a-limage-et-sound-design","status":"publish","type":"page","link":"https:\/\/lanouvelleboiteasons.com\/index.php\/composition-son-a-limage-et-sound-design\/","title":{"rendered":"Composition, son \u00e0 l\u2019image et sound design"},"content":{"rendered":"\t\t<div data-elementor-type=\"wp-page\" data-elementor-id=\"518\" class=\"elementor elementor-518\" data-elementor-post-type=\"page\">\n\t\t\t\t<div class=\"elementor-element elementor-element-fb3f7e8 e-flex e-con-boxed e-con e-parent\" data-id=\"fb3f7e8\" data-element_type=\"container\" data-e-type=\"container\" data-settings=\"{&quot;background_background&quot;:&quot;classic&quot;}\">\n\t\t\t\t\t<div class=\"e-con-inner\">\n\t\t<div class=\"elementor-element elementor-element-e10d48b e-con-full e-flex e-con e-child\" data-id=\"e10d48b\" data-element_type=\"container\" data-e-type=\"container\">\n\t\t\t\t<div class=\"elementor-element elementor-element-d6da237 elementor-widget elementor-widget-image\" data-id=\"d6da237\" data-element_type=\"widget\" data-e-type=\"widget\" data-widget_type=\"image.default\">\n\t\t\t\t\t\t\t\t\t\t\t\t\t\t\t\t<a href=\"https:\/\/lanouvelleboiteasons.com\/\">\n\t\t\t\t\t\t\t<img fetchpriority=\"high\" decoding=\"async\" width=\"516\" height=\"353\" src=\"https:\/\/lanouvelleboiteasons.com\/wp-content\/uploads\/2025\/04\/cropped-cropped-Logo-principal-1.png\" class=\"attachment-large size-large wp-image-832\" alt=\"\" srcset=\"https:\/\/lanouvelleboiteasons.com\/wp-content\/uploads\/2025\/04\/cropped-cropped-Logo-principal-1.png 516w, https:\/\/lanouvelleboiteasons.com\/wp-content\/uploads\/2025\/04\/cropped-cropped-Logo-principal-1-300x205.png 300w\" sizes=\"(max-width: 516px) 100vw, 516px\" \/>\t\t\t\t\t\t\t\t<\/a>\n\t\t\t\t\t\t\t\t\t\t\t\t\t\t\t<\/div>\n\t\t\t\t<\/div>\n\t\t<div class=\"elementor-element elementor-element-ebff067 e-con-full e-flex e-con e-child\" data-id=\"ebff067\" data-element_type=\"container\" data-e-type=\"container\">\n\t\t\t\t<div class=\"elementor-element elementor-element-7385c0f elementor-nav-menu--stretch elementor-nav-menu--dropdown-tablet elementor-nav-menu__text-align-aside elementor-nav-menu--toggle elementor-nav-menu--burger elementor-widget elementor-widget-nav-menu\" data-id=\"7385c0f\" data-element_type=\"widget\" data-e-type=\"widget\" data-settings=\"{&quot;full_width&quot;:&quot;stretch&quot;,&quot;layout&quot;:&quot;horizontal&quot;,&quot;submenu_icon&quot;:{&quot;value&quot;:&quot;&lt;svg class=\\&quot;e-font-icon-svg e-fas-caret-down\\&quot; viewBox=\\&quot;0 0 320 512\\&quot; xmlns=\\&quot;http:\\\/\\\/www.w3.org\\\/2000\\\/svg\\&quot;&gt;&lt;path d=\\&quot;M31.3 192h257.3c17.8 0 26.7 21.5 14.1 34.1L174.1 354.8c-7.8 7.8-20.5 7.8-28.3 0L17.2 226.1C4.6 213.5 13.5 192 31.3 192z\\&quot;&gt;&lt;\\\/path&gt;&lt;\\\/svg&gt;&quot;,&quot;library&quot;:&quot;fa-solid&quot;},&quot;toggle&quot;:&quot;burger&quot;}\" data-widget_type=\"nav-menu.default\">\n\t\t\t\t\t\t\t\t<nav aria-label=\"Menu\" class=\"elementor-nav-menu--main elementor-nav-menu__container elementor-nav-menu--layout-horizontal e--pointer-underline e--animation-fade\">\n\t\t\t\t<ul id=\"menu-1-7385c0f\" class=\"elementor-nav-menu\"><li class=\"menu-item menu-item-type-post_type menu-item-object-page menu-item-home menu-item-1169\"><a href=\"https:\/\/lanouvelleboiteasons.com\/\" class=\"elementor-item\">Accueil<\/a><\/li>\n<li class=\"menu-item menu-item-type-post_type menu-item-object-page menu-item-1225\"><a href=\"https:\/\/lanouvelleboiteasons.com\/index.php\/production-et-edition-phonographique\/\" class=\"elementor-item\">Production et \u00e9dition phonographique<\/a><\/li>\n<li class=\"menu-item menu-item-type-post_type menu-item-object-page menu-item-612\"><a href=\"https:\/\/lanouvelleboiteasons.com\/index.php\/composition-son-a-limage-et-sound-design\/\" class=\"elementor-item\">Composition, son \u00e0 l\u2019image et sound design<\/a><\/li>\n<li class=\"menu-item menu-item-type-post_type menu-item-object-page menu-item-614\"><a href=\"https:\/\/lanouvelleboiteasons.com\/index.php\/post-production-podcasts-et-videos\/\" class=\"elementor-item\">Post-production, podcasts et vid\u00e9os<\/a><\/li>\n<li class=\"menu-item menu-item-type-post_type menu-item-object-page menu-item-610\"><a href=\"https:\/\/lanouvelleboiteasons.com\/index.php\/a-propos\/\" class=\"elementor-item\">\u00c0 propos<\/a><\/li>\n<\/ul>\t\t\t<\/nav>\n\t\t\t\t\t<div class=\"elementor-menu-toggle\" role=\"button\" tabindex=\"0\" aria-label=\"Menu Toggle\" aria-expanded=\"false\">\n\t\t\t<svg aria-hidden=\"true\" role=\"presentation\" class=\"elementor-menu-toggle__icon--open e-font-icon-svg e-eicon-menu-bar\" viewBox=\"0 0 1000 1000\" xmlns=\"http:\/\/www.w3.org\/2000\/svg\"><path d=\"M104 333H896C929 333 958 304 958 271S929 208 896 208H104C71 208 42 237 42 271S71 333 104 333ZM104 583H896C929 583 958 554 958 521S929 458 896 458H104C71 458 42 487 42 521S71 583 104 583ZM104 833H896C929 833 958 804 958 771S929 708 896 708H104C71 708 42 737 42 771S71 833 104 833Z\"><\/path><\/svg><svg aria-hidden=\"true\" role=\"presentation\" class=\"elementor-menu-toggle__icon--close e-font-icon-svg e-eicon-close\" viewBox=\"0 0 1000 1000\" xmlns=\"http:\/\/www.w3.org\/2000\/svg\"><path d=\"M742 167L500 408 258 167C246 154 233 150 217 150 196 150 179 158 167 167 154 179 150 196 150 212 150 229 154 242 171 254L408 500 167 742C138 771 138 800 167 829 196 858 225 858 254 829L496 587 738 829C750 842 767 846 783 846 800 846 817 842 829 829 842 817 846 804 846 783 846 767 842 750 829 737L588 500 833 258C863 229 863 200 833 171 804 137 775 137 742 167Z\"><\/path><\/svg>\t\t<\/div>\n\t\t\t\t\t<nav class=\"elementor-nav-menu--dropdown elementor-nav-menu__container\" aria-hidden=\"true\">\n\t\t\t\t<ul id=\"menu-2-7385c0f\" class=\"elementor-nav-menu\"><li class=\"menu-item menu-item-type-post_type menu-item-object-page menu-item-home menu-item-1169\"><a href=\"https:\/\/lanouvelleboiteasons.com\/\" class=\"elementor-item\" tabindex=\"-1\">Accueil<\/a><\/li>\n<li class=\"menu-item menu-item-type-post_type menu-item-object-page menu-item-1225\"><a href=\"https:\/\/lanouvelleboiteasons.com\/index.php\/production-et-edition-phonographique\/\" class=\"elementor-item\" tabindex=\"-1\">Production et \u00e9dition phonographique<\/a><\/li>\n<li class=\"menu-item menu-item-type-post_type menu-item-object-page menu-item-612\"><a href=\"https:\/\/lanouvelleboiteasons.com\/index.php\/composition-son-a-limage-et-sound-design\/\" class=\"elementor-item\" tabindex=\"-1\">Composition, son \u00e0 l\u2019image et sound design<\/a><\/li>\n<li class=\"menu-item menu-item-type-post_type menu-item-object-page menu-item-614\"><a href=\"https:\/\/lanouvelleboiteasons.com\/index.php\/post-production-podcasts-et-videos\/\" class=\"elementor-item\" tabindex=\"-1\">Post-production, podcasts et vid\u00e9os<\/a><\/li>\n<li class=\"menu-item menu-item-type-post_type menu-item-object-page menu-item-610\"><a href=\"https:\/\/lanouvelleboiteasons.com\/index.php\/a-propos\/\" class=\"elementor-item\" tabindex=\"-1\">\u00c0 propos<\/a><\/li>\n<\/ul>\t\t\t<\/nav>\n\t\t\t\t\t\t<\/div>\n\t\t\t\t<\/div>\n\t\t\t\t\t<\/div>\n\t\t\t\t<\/div>\n\t\t<div class=\"elementor-element elementor-element-d7fed3d e-flex e-con-boxed e-con e-parent\" data-id=\"d7fed3d\" data-element_type=\"container\" data-e-type=\"container\">\n\t\t\t\t\t<div class=\"e-con-inner\">\n\t\t\t\t<div class=\"elementor-element elementor-element-c0b38bf elementor-widget elementor-widget-image\" data-id=\"c0b38bf\" data-element_type=\"widget\" data-e-type=\"widget\" data-widget_type=\"image.default\">\n\t\t\t\t\t\t\t\t\t\t\t\t\t\t\t<img decoding=\"async\" width=\"242\" height=\"218\" src=\"https:\/\/lanouvelleboiteasons.com\/wp-content\/uploads\/2025\/04\/Logo-composition-seule.png\" class=\"attachment-large size-large wp-image-747\" alt=\"\" \/>\t\t\t\t\t\t\t\t\t\t\t\t\t\t\t<\/div>\n\t\t\t\t<div class=\"elementor-element elementor-element-7909a62 elementor-widget elementor-widget-text-editor\" data-id=\"7909a62\" data-element_type=\"widget\" data-e-type=\"widget\" data-widget_type=\"text-editor.default\">\n\t\t\t\t\t\t\t\t\t<p><span style=\"color: #ff7800;\">Composition<\/span>, son \u00e0 l\u2019image et sound design\u00a0<\/p>\t\t\t\t\t\t\t\t<\/div>\n\t\t\t\t<div class=\"elementor-element elementor-element-a5a75ea elementor-widget elementor-widget-text-editor\" data-id=\"a5a75ea\" data-element_type=\"widget\" data-e-type=\"widget\" data-widget_type=\"text-editor.default\">\n\t\t\t\t\t\t\t\t\t<p><strong>Cin\u00e9ma, t\u00e9l\u00e9vision, s\u00e9ries, jeux vid\u00e9o, communication de marque\u2026<\/strong> Aujourd\u2019hui, la musique est un levier de communication incontournable.<\/p><p>Que vous souhaitiez illustrer un contenu vid\u00e9o ou cr\u00e9er une identit\u00e9 sonore unique, nous mettons \u00e0 votre disposition une \u00e9quipe de compositeurs et de producteurs exp\u00e9riment\u00e9s, capables de r\u00e9pondre \u00e0 vos attentes et de s\u2019adapter \u00e0 tous les formats : <strong>g\u00e9n\u00e9riques, films, publicit\u00e9s, jeux vid\u00e9o, contenus digitaux, etc.<\/strong><\/p><p>La musique n\u2019est peut \u00eatre pas votre metier. C\u2019est pourquoi nous mettons tout en oeuvre pour comprendre vos attentes et vous accompagner, afin de vous proposer les sons les plus adapt\u00e9s \u00e0 vos projets.<\/p>\t\t\t\t\t\t\t\t<\/div>\n\t\t\t\t<div class=\"elementor-element elementor-element-cd864f0 elementor-widget elementor-widget-audio\" data-id=\"cd864f0\" data-element_type=\"widget\" data-e-type=\"widget\" data-widget_type=\"audio.default\">\n\t\t\t\t\t\t\t\t<div class=\"elementor-soundcloud-wrapper\">\n\t\t\t\t<iframe width=\"800\" height=\"450\" frameborder=\"no\" src=\"https:\/\/w.soundcloud.com\/player\/?visual=false&#038;url=https%3A%2F%2Fapi.soundcloud.com%2Fplaylists%2F1835524716&#038;show_artwork=true&#038;maxheight=1000&#038;maxwidth=800&#038;auto_play=false&#038;buying=true&#038;liking=true&#038;download=false&#038;sharing=true&#038;show_comments=true&#038;show_playcount=true&#038;show_user=true&#038;color=FF7400\"><\/iframe>\t\t\t<\/div>\n\t\t\t\t\t\t\t<\/div>\n\t\t\t\t\t<\/div>\n\t\t\t\t<\/div>\n\t\t<div class=\"elementor-element elementor-element-8c6ff11 e-flex e-con-boxed e-con e-parent\" data-id=\"8c6ff11\" data-element_type=\"container\" data-e-type=\"container\">\n\t\t\t\t\t<div class=\"e-con-inner\">\n\t\t<div class=\"elementor-element elementor-element-6ce7840 e-con-full e-flex e-con e-child\" data-id=\"6ce7840\" data-element_type=\"container\" data-e-type=\"container\">\n\t\t\t\t<div class=\"elementor-element elementor-element-fa87fc3 elementor-widget elementor-widget-video\" data-id=\"fa87fc3\" data-element_type=\"widget\" data-e-type=\"widget\" data-settings=\"{&quot;youtube_url&quot;:&quot;https:\\\/\\\/youtu.be\\\/skp-9xJxgdE?si=OdAINlgyIjod6vxB&quot;,&quot;video_type&quot;:&quot;youtube&quot;,&quot;controls&quot;:&quot;yes&quot;}\" data-widget_type=\"video.default\">\n\t\t\t\t\t\t\t<div class=\"elementor-wrapper elementor-open-inline\">\n\t\t\t<div class=\"elementor-video\"><\/div>\t\t<\/div>\n\t\t\t\t\t\t<\/div>\n\t\t\t\t<\/div>\n\t\t<div class=\"elementor-element elementor-element-4d031db e-con-full e-flex e-con e-child\" data-id=\"4d031db\" data-element_type=\"container\" data-e-type=\"container\">\n\t\t\t\t<div class=\"elementor-element elementor-element-c5ea9ae elementor-widget elementor-widget-video\" data-id=\"c5ea9ae\" data-element_type=\"widget\" data-e-type=\"widget\" data-settings=\"{&quot;youtube_url&quot;:&quot;https:\\\/\\\/youtu.be\\\/cOxfcIFFSr0?si=_eXngQmG_YtReL4V&quot;,&quot;video_type&quot;:&quot;youtube&quot;,&quot;controls&quot;:&quot;yes&quot;}\" data-widget_type=\"video.default\">\n\t\t\t\t\t\t\t<div class=\"elementor-wrapper elementor-open-inline\">\n\t\t\t<div class=\"elementor-video\"><\/div>\t\t<\/div>\n\t\t\t\t\t\t<\/div>\n\t\t\t\t<\/div>\n\t\t<div class=\"elementor-element elementor-element-70e1413 e-con-full e-flex e-con e-child\" data-id=\"70e1413\" data-element_type=\"container\" data-e-type=\"container\">\n\t\t\t\t<div class=\"elementor-element elementor-element-fb5a1e3 elementor-widget elementor-widget-video\" data-id=\"fb5a1e3\" data-element_type=\"widget\" data-e-type=\"widget\" data-settings=\"{&quot;youtube_url&quot;:&quot;https:\\\/\\\/youtu.be\\\/TKWqLQxgKoI?si=E9gNlTNDSRjrsOOJ&quot;,&quot;video_type&quot;:&quot;youtube&quot;,&quot;controls&quot;:&quot;yes&quot;}\" data-widget_type=\"video.default\">\n\t\t\t\t\t\t\t<div class=\"elementor-wrapper elementor-open-inline\">\n\t\t\t<div class=\"elementor-video\"><\/div>\t\t<\/div>\n\t\t\t\t\t\t<\/div>\n\t\t\t\t<\/div>\n\t\t\t\t\t<\/div>\n\t\t\t\t<\/div>\n\t\t<div class=\"elementor-element elementor-element-fcfe530 e-flex e-con-boxed e-con e-parent\" data-id=\"fcfe530\" data-element_type=\"container\" data-e-type=\"container\">\n\t\t\t\t\t<div class=\"e-con-inner\">\n\t\t<div class=\"elementor-element elementor-element-d37bb00 e-con-full e-flex e-con e-child\" data-id=\"d37bb00\" data-element_type=\"container\" data-e-type=\"container\">\n\t\t\t\t<div class=\"elementor-element elementor-element-af81b14 elementor-widget elementor-widget-image\" data-id=\"af81b14\" data-element_type=\"widget\" data-e-type=\"widget\" data-widget_type=\"image.default\">\n\t\t\t\t\t\t\t\t\t\t\t\t\t\t\t\t<a href=\"https:\/\/lanouvelleboiteasons.com\/\">\n\t\t\t\t\t\t\t<img decoding=\"async\" width=\"516\" height=\"353\" src=\"https:\/\/lanouvelleboiteasons.com\/wp-content\/uploads\/2025\/04\/Logo-principal.png\" class=\"elementor-animation-grow attachment-large size-large wp-image-27\" alt=\"\" srcset=\"https:\/\/lanouvelleboiteasons.com\/wp-content\/uploads\/2025\/04\/Logo-principal.png 516w, https:\/\/lanouvelleboiteasons.com\/wp-content\/uploads\/2025\/04\/Logo-principal-300x205.png 300w\" sizes=\"(max-width: 516px) 100vw, 516px\" \/>\t\t\t\t\t\t\t\t<\/a>\n\t\t\t\t\t\t\t\t\t\t\t\t\t\t\t<\/div>\n\t\t\t\t<div class=\"elementor-element elementor-element-333e3ef elementor-widget elementor-widget-heading\" data-id=\"333e3ef\" data-element_type=\"widget\" data-e-type=\"widget\" data-widget_type=\"heading.default\">\n\t\t\t\t\t<h2 class=\"elementor-heading-title elementor-size-default\">lanouvelleboiteasons@gmail.com<\/h2>\t\t\t\t<\/div>\n\t\t\t\t<\/div>\n\t\t<div class=\"elementor-element elementor-element-d30eeaf e-con-full e-flex e-con e-child\" data-id=\"d30eeaf\" data-element_type=\"container\" data-e-type=\"container\">\n\t\t<div class=\"elementor-element elementor-element-abc8d89 e-con-full e-flex e-con e-child\" data-id=\"abc8d89\" data-element_type=\"container\" data-e-type=\"container\">\n\t\t<div class=\"elementor-element elementor-element-09d894e e-con-full e-flex e-con e-child\" data-id=\"09d894e\" data-element_type=\"container\" data-e-type=\"container\">\n\t\t\t\t<div class=\"elementor-element elementor-element-99c7b67 elementor-widget__width-initial elementor-widget elementor-widget-image\" data-id=\"99c7b67\" data-element_type=\"widget\" data-e-type=\"widget\" data-widget_type=\"image.default\">\n\t\t\t\t\t\t\t\t\t\t\t\t\t\t\t<img loading=\"lazy\" decoding=\"async\" width=\"521\" height=\"522\" src=\"https:\/\/lanouvelleboiteasons.com\/wp-content\/uploads\/2025\/04\/Ampli-colore.png\" class=\"attachment-large size-large wp-image-997\" alt=\"\" srcset=\"https:\/\/lanouvelleboiteasons.com\/wp-content\/uploads\/2025\/04\/Ampli-colore.png 521w, https:\/\/lanouvelleboiteasons.com\/wp-content\/uploads\/2025\/04\/Ampli-colore-300x300.png 300w, https:\/\/lanouvelleboiteasons.com\/wp-content\/uploads\/2025\/04\/Ampli-colore-150x150.png 150w\" sizes=\"(max-width: 521px) 100vw, 521px\" \/>\t\t\t\t\t\t\t\t\t\t\t\t\t\t\t<\/div>\n\t\t\t\t<\/div>\n\t\t<div class=\"elementor-element elementor-element-c6d842a e-con-full e-flex e-con e-child\" data-id=\"c6d842a\" data-element_type=\"container\" data-e-type=\"container\">\n\t\t\t\t<div class=\"elementor-element elementor-element-c44f893 elementor-widget elementor-widget-heading\" data-id=\"c44f893\" data-element_type=\"widget\" data-e-type=\"widget\" data-widget_type=\"heading.default\">\n\t\t\t\t\t<h2 class=\"elementor-heading-title elementor-size-default\">Adresses<\/h2>\t\t\t\t<\/div>\n\t\t\t\t<div class=\"elementor-element elementor-element-fb9c79f elementor-widget elementor-widget-text-editor\" data-id=\"fb9c79f\" data-element_type=\"widget\" data-e-type=\"widget\" data-widget_type=\"text-editor.default\">\n\t\t\t\t\t\t\t\t\t<p>Pr\u00e9sent \u00e0 Paris, Pantin et Saint-Denis<\/p>\t\t\t\t\t\t\t\t<\/div>\n\t\t\t\t<\/div>\n\t\t\t\t<\/div>\n\t\t\t\t<\/div>\n\t\t<div class=\"elementor-element elementor-element-fd41058 e-con-full e-flex e-con e-child\" data-id=\"fd41058\" data-element_type=\"container\" data-e-type=\"container\">\n\t\t<div class=\"elementor-element elementor-element-d4eb4fa e-con-full e-flex e-con e-child\" data-id=\"d4eb4fa\" data-element_type=\"container\" data-e-type=\"container\">\n\t\t<div class=\"elementor-element elementor-element-92db9d7 e-con-full e-flex e-con e-child\" data-id=\"92db9d7\" data-element_type=\"container\" data-e-type=\"container\">\n\t\t\t\t<div class=\"elementor-element elementor-element-34c78ae elementor-widget__width-initial elementor-widget elementor-widget-image\" data-id=\"34c78ae\" data-element_type=\"widget\" data-e-type=\"widget\" data-widget_type=\"image.default\">\n\t\t\t\t\t\t\t\t\t\t\t\t\t\t\t<img loading=\"lazy\" decoding=\"async\" width=\"357\" height=\"475\" src=\"https:\/\/lanouvelleboiteasons.com\/wp-content\/uploads\/2025\/04\/Enceinte-coloree.png\" class=\"attachment-large size-large wp-image-1000\" alt=\"\" srcset=\"https:\/\/lanouvelleboiteasons.com\/wp-content\/uploads\/2025\/04\/Enceinte-coloree.png 357w, https:\/\/lanouvelleboiteasons.com\/wp-content\/uploads\/2025\/04\/Enceinte-coloree-225x300.png 225w\" sizes=\"(max-width: 357px) 100vw, 357px\" \/>\t\t\t\t\t\t\t\t\t\t\t\t\t\t\t<\/div>\n\t\t\t\t<\/div>\n\t\t<div class=\"elementor-element elementor-element-1d9ee97 e-con-full e-flex e-con e-child\" data-id=\"1d9ee97\" data-element_type=\"container\" data-e-type=\"container\">\n\t\t\t\t<div class=\"elementor-element elementor-element-7219f2b elementor-widget elementor-widget-heading\" data-id=\"7219f2b\" data-element_type=\"widget\" data-e-type=\"widget\" data-widget_type=\"heading.default\">\n\t\t\t\t\t<h2 class=\"elementor-heading-title elementor-size-default\">Nos expertises<\/h2>\t\t\t\t<\/div>\n\t\t\t\t<div class=\"elementor-element elementor-element-ad77fd8 elementor-widget elementor-widget-text-editor\" data-id=\"ad77fd8\" data-element_type=\"widget\" data-e-type=\"widget\" data-widget_type=\"text-editor.default\">\n\t\t\t\t\t\t\t\t\t<p>Producteur SCPP<\/p><p>Editeur Sacem<\/p>\t\t\t\t\t\t\t\t<\/div>\n\t\t\t\t<\/div>\n\t\t\t\t<\/div>\n\t\t\t\t<\/div>\n\t\t<div class=\"elementor-element elementor-element-bb7760c e-con-full e-flex e-con e-child\" data-id=\"bb7760c\" data-element_type=\"container\" data-e-type=\"container\">\n\t\t<div class=\"elementor-element elementor-element-bdad335 e-con-full e-flex e-con e-child\" data-id=\"bdad335\" data-element_type=\"container\" data-e-type=\"container\">\n\t\t<div class=\"elementor-element elementor-element-51e764a e-con-full e-flex e-con e-child\" data-id=\"51e764a\" data-element_type=\"container\" data-e-type=\"container\">\n\t\t\t\t<div class=\"elementor-element elementor-element-e82d6e0 elementor-widget__width-initial elementor-widget elementor-widget-image\" data-id=\"e82d6e0\" data-element_type=\"widget\" data-e-type=\"widget\" data-widget_type=\"image.default\">\n\t\t\t\t\t\t\t\t\t\t\t\t\t\t\t<img loading=\"lazy\" decoding=\"async\" width=\"498\" height=\"427\" src=\"https:\/\/lanouvelleboiteasons.com\/wp-content\/uploads\/2025\/04\/Snare-coloree.png\" class=\"attachment-large size-large wp-image-1004\" alt=\"\" srcset=\"https:\/\/lanouvelleboiteasons.com\/wp-content\/uploads\/2025\/04\/Snare-coloree.png 498w, https:\/\/lanouvelleboiteasons.com\/wp-content\/uploads\/2025\/04\/Snare-coloree-300x257.png 300w\" sizes=\"(max-width: 498px) 100vw, 498px\" \/>\t\t\t\t\t\t\t\t\t\t\t\t\t\t\t<\/div>\n\t\t\t\t<\/div>\n\t\t<div class=\"elementor-element elementor-element-8ef59e6 e-con-full e-flex e-con e-child\" data-id=\"8ef59e6\" data-element_type=\"container\" data-e-type=\"container\">\n\t\t\t\t<div class=\"elementor-element elementor-element-d280bd6 elementor-widget elementor-widget-heading\" data-id=\"d280bd6\" data-element_type=\"widget\" data-e-type=\"widget\" data-widget_type=\"heading.default\">\n\t\t\t\t\t<h2 class=\"elementor-heading-title elementor-size-default\">Suivez-nous<\/h2>\t\t\t\t<\/div>\n\t\t\t\t<div class=\"elementor-element elementor-element-38a92ec e-grid-align-left e-grid-align-mobile-left elementor-shape-rounded elementor-grid-0 elementor-widget elementor-widget-social-icons\" data-id=\"38a92ec\" data-element_type=\"widget\" data-e-type=\"widget\" data-widget_type=\"social-icons.default\">\n\t\t\t\t\t\t\t<div class=\"elementor-social-icons-wrapper elementor-grid\" role=\"list\">\n\t\t\t\t\t\t\t<span class=\"elementor-grid-item\" role=\"listitem\">\n\t\t\t\t\t<a class=\"elementor-icon elementor-social-icon elementor-social-icon-instagram elementor-repeater-item-6b17155\" target=\"_blank\">\n\t\t\t\t\t\t<span class=\"elementor-screen-only\">Instagram<\/span>\n\t\t\t\t\t\t<svg aria-hidden=\"true\" class=\"e-font-icon-svg e-fab-instagram\" viewBox=\"0 0 448 512\" xmlns=\"http:\/\/www.w3.org\/2000\/svg\"><path d=\"M224.1 141c-63.6 0-114.9 51.3-114.9 114.9s51.3 114.9 114.9 114.9S339 319.5 339 255.9 287.7 141 224.1 141zm0 189.6c-41.1 0-74.7-33.5-74.7-74.7s33.5-74.7 74.7-74.7 74.7 33.5 74.7 74.7-33.6 74.7-74.7 74.7zm146.4-194.3c0 14.9-12 26.8-26.8 26.8-14.9 0-26.8-12-26.8-26.8s12-26.8 26.8-26.8 26.8 12 26.8 26.8zm76.1 27.2c-1.7-35.9-9.9-67.7-36.2-93.9-26.2-26.2-58-34.4-93.9-36.2-37-2.1-147.9-2.1-184.9 0-35.8 1.7-67.6 9.9-93.9 36.1s-34.4 58-36.2 93.9c-2.1 37-2.1 147.9 0 184.9 1.7 35.9 9.9 67.7 36.2 93.9s58 34.4 93.9 36.2c37 2.1 147.9 2.1 184.9 0 35.9-1.7 67.7-9.9 93.9-36.2 26.2-26.2 34.4-58 36.2-93.9 2.1-37 2.1-147.8 0-184.8zM398.8 388c-7.8 19.6-22.9 34.7-42.6 42.6-29.5 11.7-99.5 9-132.1 9s-102.7 2.6-132.1-9c-19.6-7.8-34.7-22.9-42.6-42.6-11.7-29.5-9-99.5-9-132.1s-2.6-102.7 9-132.1c7.8-19.6 22.9-34.7 42.6-42.6 29.5-11.7 99.5-9 132.1-9s102.7-2.6 132.1 9c19.6 7.8 34.7 22.9 42.6 42.6 11.7 29.5 9 99.5 9 132.1s2.7 102.7-9 132.1z\"><\/path><\/svg>\t\t\t\t\t<\/a>\n\t\t\t\t<\/span>\n\t\t\t\t\t\t\t<span class=\"elementor-grid-item\" role=\"listitem\">\n\t\t\t\t\t<a class=\"elementor-icon elementor-social-icon elementor-social-icon-facebook elementor-repeater-item-d533079\" target=\"_blank\">\n\t\t\t\t\t\t<span class=\"elementor-screen-only\">Facebook<\/span>\n\t\t\t\t\t\t<svg aria-hidden=\"true\" class=\"e-font-icon-svg e-fab-facebook\" viewBox=\"0 0 512 512\" xmlns=\"http:\/\/www.w3.org\/2000\/svg\"><path d=\"M504 256C504 119 393 8 256 8S8 119 8 256c0 123.78 90.69 226.38 209.25 245V327.69h-63V256h63v-54.64c0-62.15 37-96.48 93.67-96.48 27.14 0 55.52 4.84 55.52 4.84v61h-31.28c-30.8 0-40.41 19.12-40.41 38.73V256h68.78l-11 71.69h-57.78V501C413.31 482.38 504 379.78 504 256z\"><\/path><\/svg>\t\t\t\t\t<\/a>\n\t\t\t\t<\/span>\n\t\t\t\t\t\t\t<span class=\"elementor-grid-item\" role=\"listitem\">\n\t\t\t\t\t<a class=\"elementor-icon elementor-social-icon elementor-social-icon-youtube elementor-repeater-item-80245a7\" target=\"_blank\">\n\t\t\t\t\t\t<span class=\"elementor-screen-only\">Youtube<\/span>\n\t\t\t\t\t\t<svg aria-hidden=\"true\" class=\"e-font-icon-svg e-fab-youtube\" viewBox=\"0 0 576 512\" xmlns=\"http:\/\/www.w3.org\/2000\/svg\"><path d=\"M549.655 124.083c-6.281-23.65-24.787-42.276-48.284-48.597C458.781 64 288 64 288 64S117.22 64 74.629 75.486c-23.497 6.322-42.003 24.947-48.284 48.597-11.412 42.867-11.412 132.305-11.412 132.305s0 89.438 11.412 132.305c6.281 23.65 24.787 41.5 48.284 47.821C117.22 448 288 448 288 448s170.78 0 213.371-11.486c23.497-6.321 42.003-24.171 48.284-47.821 11.412-42.867 11.412-132.305 11.412-132.305s0-89.438-11.412-132.305zm-317.51 213.508V175.185l142.739 81.205-142.739 81.201z\"><\/path><\/svg>\t\t\t\t\t<\/a>\n\t\t\t\t<\/span>\n\t\t\t\t\t<\/div>\n\t\t\t\t\t\t<\/div>\n\t\t\t\t<\/div>\n\t\t\t\t<\/div>\n\t\t\t\t<\/div>\n\t\t\t\t\t<\/div>\n\t\t\t\t<\/div>\n\t\t<div class=\"elementor-element elementor-element-e5591dd e-flex e-con-boxed e-con e-parent\" data-id=\"e5591dd\" data-element_type=\"container\" data-e-type=\"container\">\n\t\t\t\t\t<div class=\"e-con-inner\">\n\t\t<div class=\"elementor-element elementor-element-4a58c49 e-con-full e-flex e-con e-child\" data-id=\"4a58c49\" data-element_type=\"container\" data-e-type=\"container\">\n\t\t\t\t<div class=\"elementor-element elementor-element-3760253 elementor-widget elementor-widget-text-editor\" data-id=\"3760253\" data-element_type=\"widget\" data-e-type=\"widget\" data-widget_type=\"text-editor.default\">\n\t\t\t\t\t\t\t\t\t<p>\u00a9 2025 La Nouvelle bo\u00eete \u00e0 sons. All rights reserved. by <a href=\"https:\/\/www.fiverr.com\/adamoure\"><span style=\"color: #ff7b14;\">AdamOure<\/span><\/a><\/p>\t\t\t\t\t\t\t\t<\/div>\n\t\t\t\t<\/div>\n\t\t<div class=\"elementor-element elementor-element-6d55962 e-con-full e-flex e-con e-child\" data-id=\"6d55962\" data-element_type=\"container\" data-e-type=\"container\">\n\t\t\t\t<div class=\"elementor-element elementor-element-7dde0a4 elementor-widget elementor-widget-text-editor\" data-id=\"7dde0a4\" data-element_type=\"widget\" data-e-type=\"widget\" data-widget_type=\"text-editor.default\">\n\t\t\t\t\t\t\t\t\t<p><span style=\"color: #ff7b14;\"><a class=\"wpr-menu-item wpr-pointer-item wpr-active-menu-item\" style=\"color: #ff7b14;\" href=\"https:\/\/lanouvelleboiteasons.com\/index.php\/a-propos\/\" aria-current=\"page\">\u00c0 propos<\/a><\/span><\/p>\t\t\t\t\t\t\t\t<\/div>\n\t\t\t\t<\/div>\n\t\t\t\t\t<\/div>\n\t\t\t\t<\/div>\n\t\t\t\t<\/div>\n\t\t","protected":false},"excerpt":{"rendered":"<p>Composition, son \u00e0 l\u2019image et sound design\u00a0 Cin\u00e9ma, t\u00e9l\u00e9vision, s\u00e9ries, jeux vid\u00e9o, communication de marque\u2026 Aujourd\u2019hui, la musique est un levier de communication incontournable. Que vous souhaitiez illustrer un contenu vid\u00e9o ou cr\u00e9er une identit\u00e9 sonore unique, nous mettons \u00e0 votre disposition une \u00e9quipe de compositeurs et de producteurs exp\u00e9riment\u00e9s, capables de r\u00e9pondre \u00e0 vos [&hellip;]<\/p>\n","protected":false},"author":1,"featured_media":0,"parent":0,"menu_order":0,"comment_status":"closed","ping_status":"closed","template":"elementor_canvas","meta":{"footnotes":""},"class_list":["post-518","page","type-page","status-publish","hentry"],"_links":{"self":[{"href":"https:\/\/lanouvelleboiteasons.com\/index.php\/wp-json\/wp\/v2\/pages\/518","targetHints":{"allow":["GET"]}}],"collection":[{"href":"https:\/\/lanouvelleboiteasons.com\/index.php\/wp-json\/wp\/v2\/pages"}],"about":[{"href":"https:\/\/lanouvelleboiteasons.com\/index.php\/wp-json\/wp\/v2\/types\/page"}],"author":[{"embeddable":true,"href":"https:\/\/lanouvelleboiteasons.com\/index.php\/wp-json\/wp\/v2\/users\/1"}],"replies":[{"embeddable":true,"href":"https:\/\/lanouvelleboiteasons.com\/index.php\/wp-json\/wp\/v2\/comments?post=518"}],"version-history":[{"count":103,"href":"https:\/\/lanouvelleboiteasons.com\/index.php\/wp-json\/wp\/v2\/pages\/518\/revisions"}],"predecessor-version":[{"id":1295,"href":"https:\/\/lanouvelleboiteasons.com\/index.php\/wp-json\/wp\/v2\/pages\/518\/revisions\/1295"}],"wp:attachment":[{"href":"https:\/\/lanouvelleboiteasons.com\/index.php\/wp-json\/wp\/v2\/media?parent=518"}],"curies":[{"name":"wp","href":"https:\/\/api.w.org\/{rel}","templated":true}]}}