{"id":49,"date":"2025-04-06T00:23:29","date_gmt":"2025-04-05T22:23:29","guid":{"rendered":"https:\/\/vrghapc.cluster021.hosting.ovh.net\/?page_id=49"},"modified":"2025-07-30T02:13:46","modified_gmt":"2025-07-30T00:13:46","slug":"a-propos","status":"publish","type":"page","link":"https:\/\/lanouvelleboiteasons.com\/index.php\/a-propos\/","title":{"rendered":"A propos"},"content":{"rendered":"\t\t<div data-elementor-type=\"wp-page\" data-elementor-id=\"49\" class=\"elementor elementor-49\" data-elementor-post-type=\"page\">\n\t\t\t\t<div class=\"elementor-element elementor-element-c7af58e e-flex e-con-boxed e-con e-parent\" data-id=\"c7af58e\" data-element_type=\"container\" data-e-type=\"container\" data-settings=\"{&quot;background_background&quot;:&quot;classic&quot;}\">\n\t\t\t\t\t<div class=\"e-con-inner\">\n\t\t<div class=\"elementor-element elementor-element-3dd50b1 e-con-full e-flex e-con e-child\" data-id=\"3dd50b1\" data-element_type=\"container\" data-e-type=\"container\">\n\t\t\t\t<div class=\"elementor-element elementor-element-283b333 elementor-widget elementor-widget-image\" data-id=\"283b333\" data-element_type=\"widget\" data-e-type=\"widget\" data-widget_type=\"image.default\">\n\t\t\t\t\t\t\t\t\t\t\t\t\t\t\t\t<a href=\"https:\/\/lanouvelleboiteasons.com\/\">\n\t\t\t\t\t\t\t<img fetchpriority=\"high\" decoding=\"async\" width=\"516\" height=\"353\" src=\"https:\/\/lanouvelleboiteasons.com\/wp-content\/uploads\/2025\/04\/cropped-cropped-Logo-principal-1.png\" class=\"attachment-large size-large wp-image-832\" alt=\"\" srcset=\"https:\/\/lanouvelleboiteasons.com\/wp-content\/uploads\/2025\/04\/cropped-cropped-Logo-principal-1.png 516w, https:\/\/lanouvelleboiteasons.com\/wp-content\/uploads\/2025\/04\/cropped-cropped-Logo-principal-1-300x205.png 300w\" sizes=\"(max-width: 516px) 100vw, 516px\" \/>\t\t\t\t\t\t\t\t<\/a>\n\t\t\t\t\t\t\t\t\t\t\t\t\t\t\t<\/div>\n\t\t\t\t<\/div>\n\t\t<div class=\"elementor-element elementor-element-2e6c62b e-con-full e-flex e-con e-child\" data-id=\"2e6c62b\" data-element_type=\"container\" data-e-type=\"container\">\n\t\t\t\t<div class=\"elementor-element elementor-element-074eda4 elementor-nav-menu--stretch elementor-nav-menu--dropdown-tablet elementor-nav-menu__text-align-aside elementor-nav-menu--toggle elementor-nav-menu--burger elementor-widget elementor-widget-nav-menu\" data-id=\"074eda4\" data-element_type=\"widget\" data-e-type=\"widget\" data-settings=\"{&quot;full_width&quot;:&quot;stretch&quot;,&quot;layout&quot;:&quot;horizontal&quot;,&quot;submenu_icon&quot;:{&quot;value&quot;:&quot;&lt;svg class=\\&quot;e-font-icon-svg e-fas-caret-down\\&quot; viewBox=\\&quot;0 0 320 512\\&quot; xmlns=\\&quot;http:\\\/\\\/www.w3.org\\\/2000\\\/svg\\&quot;&gt;&lt;path d=\\&quot;M31.3 192h257.3c17.8 0 26.7 21.5 14.1 34.1L174.1 354.8c-7.8 7.8-20.5 7.8-28.3 0L17.2 226.1C4.6 213.5 13.5 192 31.3 192z\\&quot;&gt;&lt;\\\/path&gt;&lt;\\\/svg&gt;&quot;,&quot;library&quot;:&quot;fa-solid&quot;},&quot;toggle&quot;:&quot;burger&quot;}\" data-widget_type=\"nav-menu.default\">\n\t\t\t\t\t\t\t\t<nav aria-label=\"Menu\" class=\"elementor-nav-menu--main elementor-nav-menu__container elementor-nav-menu--layout-horizontal e--pointer-underline e--animation-fade\">\n\t\t\t\t<ul id=\"menu-1-074eda4\" class=\"elementor-nav-menu\"><li class=\"menu-item menu-item-type-post_type menu-item-object-page menu-item-home menu-item-1169\"><a href=\"https:\/\/lanouvelleboiteasons.com\/\" class=\"elementor-item\">Accueil<\/a><\/li>\n<li class=\"menu-item menu-item-type-post_type menu-item-object-page menu-item-1225\"><a href=\"https:\/\/lanouvelleboiteasons.com\/index.php\/production-et-edition-phonographique\/\" class=\"elementor-item\">Production et \u00e9dition phonographique<\/a><\/li>\n<li class=\"menu-item menu-item-type-post_type menu-item-object-page menu-item-612\"><a href=\"https:\/\/lanouvelleboiteasons.com\/index.php\/composition-son-a-limage-et-sound-design\/\" class=\"elementor-item\">Composition, son \u00e0 l\u2019image et sound design<\/a><\/li>\n<li class=\"menu-item menu-item-type-post_type menu-item-object-page menu-item-614\"><a href=\"https:\/\/lanouvelleboiteasons.com\/index.php\/post-production-podcasts-et-videos\/\" class=\"elementor-item\">Post-production, podcasts et vid\u00e9os<\/a><\/li>\n<li class=\"menu-item menu-item-type-post_type menu-item-object-page menu-item-610\"><a href=\"https:\/\/lanouvelleboiteasons.com\/index.php\/a-propos\/\" class=\"elementor-item\">\u00c0 propos<\/a><\/li>\n<\/ul>\t\t\t<\/nav>\n\t\t\t\t\t<div class=\"elementor-menu-toggle\" role=\"button\" tabindex=\"0\" aria-label=\"Menu Toggle\" aria-expanded=\"false\">\n\t\t\t<svg aria-hidden=\"true\" role=\"presentation\" class=\"elementor-menu-toggle__icon--open e-font-icon-svg e-eicon-menu-bar\" viewBox=\"0 0 1000 1000\" xmlns=\"http:\/\/www.w3.org\/2000\/svg\"><path d=\"M104 333H896C929 333 958 304 958 271S929 208 896 208H104C71 208 42 237 42 271S71 333 104 333ZM104 583H896C929 583 958 554 958 521S929 458 896 458H104C71 458 42 487 42 521S71 583 104 583ZM104 833H896C929 833 958 804 958 771S929 708 896 708H104C71 708 42 737 42 771S71 833 104 833Z\"><\/path><\/svg><svg aria-hidden=\"true\" role=\"presentation\" class=\"elementor-menu-toggle__icon--close e-font-icon-svg e-eicon-close\" viewBox=\"0 0 1000 1000\" xmlns=\"http:\/\/www.w3.org\/2000\/svg\"><path d=\"M742 167L500 408 258 167C246 154 233 150 217 150 196 150 179 158 167 167 154 179 150 196 150 212 150 229 154 242 171 254L408 500 167 742C138 771 138 800 167 829 196 858 225 858 254 829L496 587 738 829C750 842 767 846 783 846 800 846 817 842 829 829 842 817 846 804 846 783 846 767 842 750 829 737L588 500 833 258C863 229 863 200 833 171 804 137 775 137 742 167Z\"><\/path><\/svg>\t\t<\/div>\n\t\t\t\t\t<nav class=\"elementor-nav-menu--dropdown elementor-nav-menu__container\" aria-hidden=\"true\">\n\t\t\t\t<ul id=\"menu-2-074eda4\" class=\"elementor-nav-menu\"><li class=\"menu-item menu-item-type-post_type menu-item-object-page menu-item-home menu-item-1169\"><a href=\"https:\/\/lanouvelleboiteasons.com\/\" class=\"elementor-item\" tabindex=\"-1\">Accueil<\/a><\/li>\n<li class=\"menu-item menu-item-type-post_type menu-item-object-page menu-item-1225\"><a href=\"https:\/\/lanouvelleboiteasons.com\/index.php\/production-et-edition-phonographique\/\" class=\"elementor-item\" tabindex=\"-1\">Production et \u00e9dition phonographique<\/a><\/li>\n<li class=\"menu-item menu-item-type-post_type menu-item-object-page menu-item-612\"><a href=\"https:\/\/lanouvelleboiteasons.com\/index.php\/composition-son-a-limage-et-sound-design\/\" class=\"elementor-item\" tabindex=\"-1\">Composition, son \u00e0 l\u2019image et sound design<\/a><\/li>\n<li class=\"menu-item menu-item-type-post_type menu-item-object-page menu-item-614\"><a href=\"https:\/\/lanouvelleboiteasons.com\/index.php\/post-production-podcasts-et-videos\/\" class=\"elementor-item\" tabindex=\"-1\">Post-production, podcasts et vid\u00e9os<\/a><\/li>\n<li class=\"menu-item menu-item-type-post_type menu-item-object-page menu-item-610\"><a href=\"https:\/\/lanouvelleboiteasons.com\/index.php\/a-propos\/\" class=\"elementor-item\" tabindex=\"-1\">\u00c0 propos<\/a><\/li>\n<\/ul>\t\t\t<\/nav>\n\t\t\t\t\t\t<\/div>\n\t\t\t\t<\/div>\n\t\t\t\t\t<\/div>\n\t\t\t\t<\/div>\n\t\t<div class=\"elementor-element elementor-element-9e242c9 e-flex e-con-boxed e-con e-parent\" data-id=\"9e242c9\" data-element_type=\"container\" data-e-type=\"container\">\n\t\t\t\t\t<div class=\"e-con-inner\">\n\t\t\t\t<div class=\"elementor-element elementor-element-45cf347 elementor-widget elementor-widget-image\" data-id=\"45cf347\" data-element_type=\"widget\" data-e-type=\"widget\" data-widget_type=\"image.default\">\n\t\t\t\t\t\t\t\t\t\t\t\t\t\t\t<img decoding=\"async\" width=\"516\" height=\"353\" src=\"https:\/\/lanouvelleboiteasons.com\/wp-content\/uploads\/2025\/04\/Logo-principal.png\" class=\"attachment-large size-large wp-image-27\" alt=\"\" srcset=\"https:\/\/lanouvelleboiteasons.com\/wp-content\/uploads\/2025\/04\/Logo-principal.png 516w, https:\/\/lanouvelleboiteasons.com\/wp-content\/uploads\/2025\/04\/Logo-principal-300x205.png 300w\" sizes=\"(max-width: 516px) 100vw, 516px\" \/>\t\t\t\t\t\t\t\t\t\t\t\t\t\t\t<\/div>\n\t\t\t\t<div class=\"elementor-element elementor-element-0f7892f elementor-widget elementor-widget-text-editor\" data-id=\"0f7892f\" data-element_type=\"widget\" data-e-type=\"widget\" data-widget_type=\"text-editor.default\">\n\t\t\t\t\t\t\t\t\t<p><span style=\"color: #ff7800;\">\u00e0 <\/span>propos<\/p>\t\t\t\t\t\t\t\t<\/div>\n\t\t\t\t<div class=\"elementor-element elementor-element-3667d20 elementor-widget elementor-widget-text-editor\" data-id=\"3667d20\" data-element_type=\"widget\" data-e-type=\"widget\" data-widget_type=\"text-editor.default\">\n\t\t\t\t\t\t\t\t\t<p><strong>Lucas Fr\u00e9bourg, directeur artistique de LNBS, est un passionn\u00e9 de musique et de\u00a0<\/strong><strong>production.<\/strong> Il a \u00e9tudi\u00e9 au Musician Institute de Los Angeles, o\u00f9 il s\u2019est form\u00e9 en tant que guitariste tout en suivant des cours d\u2019enregistrement et de mixage, nourrissant ainsi sa passion premi\u00e8re : la composition.<\/p><p>De retour en France, il rejoint le groupe Paris L.A. avec lequel il r\u00e9alise leur premier album en 2011.\u00a0<\/p><p>Depuis, il n\u2019a cess\u00e9 d\u2019\u00e9voluer dans l\u2019univers musical. Son parcours de producteur et de musicien l\u2019a amen\u00e9 \u00e0 collaborer avec de nombreux artistes et nombreuses marques. Ces exp\u00e9riences enrichissantes lui permettent aujourd\u2019hui de mettre son savoir-faire au service de ses clients et de ses nouvelles collaborations.<\/p>\t\t\t\t\t\t\t\t<\/div>\n\t\t\t\t<div class=\"elementor-element elementor-element-0e185db elementor-widget elementor-widget-text-editor\" data-id=\"0e185db\" data-element_type=\"widget\" data-e-type=\"widget\" data-widget_type=\"text-editor.default\">\n\t\t\t\t\t\t\t\t\t<p>Ils nous ont fait confiance<\/p>\t\t\t\t\t\t\t\t<\/div>\n\t\t\t\t<div class=\"elementor-element elementor-element-ba2bcaa elementor-widget elementor-widget-image\" data-id=\"ba2bcaa\" data-element_type=\"widget\" data-e-type=\"widget\" data-widget_type=\"image.default\">\n\t\t\t\t\t\t\t\t\t\t\t\t\t\t\t<img decoding=\"async\" width=\"702\" height=\"481\" src=\"https:\/\/lanouvelleboiteasons.com\/wp-content\/uploads\/2025\/04\/Layer-dz.png\" class=\"attachment-full size-full wp-image-1029\" alt=\"\" srcset=\"https:\/\/lanouvelleboiteasons.com\/wp-content\/uploads\/2025\/04\/Layer-dz.png 702w, https:\/\/lanouvelleboiteasons.com\/wp-content\/uploads\/2025\/04\/Layer-dz-300x206.png 300w\" sizes=\"(max-width: 702px) 100vw, 702px\" \/>\t\t\t\t\t\t\t\t\t\t\t\t\t\t\t<\/div>\n\t\t\t\t\t<\/div>\n\t\t\t\t<\/div>\n\t\t<div class=\"elementor-element elementor-element-10f1ee1 e-flex e-con-boxed e-con e-parent\" data-id=\"10f1ee1\" data-element_type=\"container\" data-e-type=\"container\">\n\t\t\t\t\t<div class=\"e-con-inner\">\n\t\t<div class=\"elementor-element elementor-element-1df181b e-con-full e-flex e-con e-child\" data-id=\"1df181b\" data-element_type=\"container\" data-e-type=\"container\">\n\t\t\t\t<div class=\"elementor-element elementor-element-caae94f elementor-widget elementor-widget-image\" data-id=\"caae94f\" data-element_type=\"widget\" data-e-type=\"widget\" data-widget_type=\"image.default\">\n\t\t\t\t\t\t\t\t\t\t\t\t\t\t\t\t<a href=\"https:\/\/lanouvelleboiteasons.com\/\">\n\t\t\t\t\t\t\t<img loading=\"lazy\" decoding=\"async\" width=\"516\" height=\"353\" src=\"https:\/\/lanouvelleboiteasons.com\/wp-content\/uploads\/2025\/04\/Logo-principal.png\" class=\"elementor-animation-grow attachment-large size-large wp-image-27\" alt=\"\" srcset=\"https:\/\/lanouvelleboiteasons.com\/wp-content\/uploads\/2025\/04\/Logo-principal.png 516w, https:\/\/lanouvelleboiteasons.com\/wp-content\/uploads\/2025\/04\/Logo-principal-300x205.png 300w\" sizes=\"(max-width: 516px) 100vw, 516px\" \/>\t\t\t\t\t\t\t\t<\/a>\n\t\t\t\t\t\t\t\t\t\t\t\t\t\t\t<\/div>\n\t\t\t\t<div class=\"elementor-element elementor-element-e3ee50e elementor-widget elementor-widget-heading\" data-id=\"e3ee50e\" data-element_type=\"widget\" data-e-type=\"widget\" data-widget_type=\"heading.default\">\n\t\t\t\t\t<h2 class=\"elementor-heading-title elementor-size-default\">lanouvelleboiteasons@gmail.com<\/h2>\t\t\t\t<\/div>\n\t\t\t\t<\/div>\n\t\t<div class=\"elementor-element elementor-element-e923a10 e-con-full e-flex e-con e-child\" data-id=\"e923a10\" data-element_type=\"container\" data-e-type=\"container\">\n\t\t<div class=\"elementor-element elementor-element-3374327 e-con-full e-flex e-con e-child\" data-id=\"3374327\" data-element_type=\"container\" data-e-type=\"container\">\n\t\t<div class=\"elementor-element elementor-element-19c5718 e-con-full e-flex e-con e-child\" data-id=\"19c5718\" data-element_type=\"container\" data-e-type=\"container\">\n\t\t\t\t<div class=\"elementor-element elementor-element-b91c1b2 elementor-widget__width-initial elementor-widget elementor-widget-image\" data-id=\"b91c1b2\" data-element_type=\"widget\" data-e-type=\"widget\" data-widget_type=\"image.default\">\n\t\t\t\t\t\t\t\t\t\t\t\t\t\t\t<img loading=\"lazy\" decoding=\"async\" width=\"521\" height=\"522\" src=\"https:\/\/lanouvelleboiteasons.com\/wp-content\/uploads\/2025\/04\/Ampli-colore.png\" class=\"attachment-large size-large wp-image-997\" alt=\"\" srcset=\"https:\/\/lanouvelleboiteasons.com\/wp-content\/uploads\/2025\/04\/Ampli-colore.png 521w, https:\/\/lanouvelleboiteasons.com\/wp-content\/uploads\/2025\/04\/Ampli-colore-300x300.png 300w, https:\/\/lanouvelleboiteasons.com\/wp-content\/uploads\/2025\/04\/Ampli-colore-150x150.png 150w\" sizes=\"(max-width: 521px) 100vw, 521px\" \/>\t\t\t\t\t\t\t\t\t\t\t\t\t\t\t<\/div>\n\t\t\t\t<\/div>\n\t\t<div class=\"elementor-element elementor-element-1d93c37 e-con-full e-flex e-con e-child\" data-id=\"1d93c37\" data-element_type=\"container\" data-e-type=\"container\">\n\t\t\t\t<div class=\"elementor-element elementor-element-3ab0413 elementor-widget elementor-widget-heading\" data-id=\"3ab0413\" data-element_type=\"widget\" data-e-type=\"widget\" data-widget_type=\"heading.default\">\n\t\t\t\t\t<h2 class=\"elementor-heading-title elementor-size-default\">Adresses<\/h2>\t\t\t\t<\/div>\n\t\t\t\t<div class=\"elementor-element elementor-element-d8cc502 elementor-widget elementor-widget-text-editor\" data-id=\"d8cc502\" data-element_type=\"widget\" data-e-type=\"widget\" data-widget_type=\"text-editor.default\">\n\t\t\t\t\t\t\t\t\t<p>Pr\u00e9sent \u00e0 Paris, Pantin et Saint-Denis<\/p>\t\t\t\t\t\t\t\t<\/div>\n\t\t\t\t<\/div>\n\t\t\t\t<\/div>\n\t\t\t\t<\/div>\n\t\t<div class=\"elementor-element elementor-element-cb2924f e-con-full e-flex e-con e-child\" data-id=\"cb2924f\" data-element_type=\"container\" data-e-type=\"container\">\n\t\t<div class=\"elementor-element elementor-element-a30a0d6 e-con-full e-flex e-con e-child\" data-id=\"a30a0d6\" data-element_type=\"container\" data-e-type=\"container\">\n\t\t<div class=\"elementor-element elementor-element-445f045 e-con-full e-flex e-con e-child\" data-id=\"445f045\" data-element_type=\"container\" data-e-type=\"container\">\n\t\t\t\t<div class=\"elementor-element elementor-element-745f932 elementor-widget__width-initial elementor-widget elementor-widget-image\" data-id=\"745f932\" data-element_type=\"widget\" data-e-type=\"widget\" data-widget_type=\"image.default\">\n\t\t\t\t\t\t\t\t\t\t\t\t\t\t\t<img loading=\"lazy\" decoding=\"async\" width=\"357\" height=\"475\" src=\"https:\/\/lanouvelleboiteasons.com\/wp-content\/uploads\/2025\/04\/Enceinte-coloree.png\" class=\"attachment-large size-large wp-image-1000\" alt=\"\" srcset=\"https:\/\/lanouvelleboiteasons.com\/wp-content\/uploads\/2025\/04\/Enceinte-coloree.png 357w, https:\/\/lanouvelleboiteasons.com\/wp-content\/uploads\/2025\/04\/Enceinte-coloree-225x300.png 225w\" sizes=\"(max-width: 357px) 100vw, 357px\" \/>\t\t\t\t\t\t\t\t\t\t\t\t\t\t\t<\/div>\n\t\t\t\t<\/div>\n\t\t<div class=\"elementor-element elementor-element-ee2995b e-con-full e-flex e-con e-child\" data-id=\"ee2995b\" data-element_type=\"container\" data-e-type=\"container\">\n\t\t\t\t<div class=\"elementor-element elementor-element-ec75ace elementor-widget elementor-widget-heading\" data-id=\"ec75ace\" data-element_type=\"widget\" data-e-type=\"widget\" data-widget_type=\"heading.default\">\n\t\t\t\t\t<h2 class=\"elementor-heading-title elementor-size-default\">Nos expertises<\/h2>\t\t\t\t<\/div>\n\t\t\t\t<div class=\"elementor-element elementor-element-9020612 elementor-widget elementor-widget-text-editor\" data-id=\"9020612\" data-element_type=\"widget\" data-e-type=\"widget\" data-widget_type=\"text-editor.default\">\n\t\t\t\t\t\t\t\t\t<p>Producteur SCPP<\/p><p>Editeur Sacem<\/p>\t\t\t\t\t\t\t\t<\/div>\n\t\t\t\t<\/div>\n\t\t\t\t<\/div>\n\t\t\t\t<\/div>\n\t\t<div class=\"elementor-element elementor-element-476c307 e-con-full e-flex e-con e-child\" data-id=\"476c307\" data-element_type=\"container\" data-e-type=\"container\">\n\t\t<div class=\"elementor-element elementor-element-63cc5f6 e-con-full e-flex e-con e-child\" data-id=\"63cc5f6\" data-element_type=\"container\" data-e-type=\"container\">\n\t\t<div class=\"elementor-element elementor-element-9029456 e-con-full e-flex e-con e-child\" data-id=\"9029456\" data-element_type=\"container\" data-e-type=\"container\">\n\t\t\t\t<div class=\"elementor-element elementor-element-4270636 elementor-widget__width-initial elementor-widget elementor-widget-image\" data-id=\"4270636\" data-element_type=\"widget\" data-e-type=\"widget\" data-widget_type=\"image.default\">\n\t\t\t\t\t\t\t\t\t\t\t\t\t\t\t<img loading=\"lazy\" decoding=\"async\" width=\"498\" height=\"427\" src=\"https:\/\/lanouvelleboiteasons.com\/wp-content\/uploads\/2025\/04\/Snare-coloree.png\" class=\"attachment-large size-large wp-image-1004\" alt=\"\" srcset=\"https:\/\/lanouvelleboiteasons.com\/wp-content\/uploads\/2025\/04\/Snare-coloree.png 498w, https:\/\/lanouvelleboiteasons.com\/wp-content\/uploads\/2025\/04\/Snare-coloree-300x257.png 300w\" sizes=\"(max-width: 498px) 100vw, 498px\" \/>\t\t\t\t\t\t\t\t\t\t\t\t\t\t\t<\/div>\n\t\t\t\t<\/div>\n\t\t<div class=\"elementor-element elementor-element-fa83b65 e-con-full e-flex e-con e-child\" data-id=\"fa83b65\" data-element_type=\"container\" data-e-type=\"container\">\n\t\t\t\t<div class=\"elementor-element elementor-element-317b1b1 elementor-widget elementor-widget-heading\" data-id=\"317b1b1\" data-element_type=\"widget\" data-e-type=\"widget\" data-widget_type=\"heading.default\">\n\t\t\t\t\t<h2 class=\"elementor-heading-title elementor-size-default\">Suivez-nous<\/h2>\t\t\t\t<\/div>\n\t\t\t\t<div class=\"elementor-element elementor-element-f0e1ac7 e-grid-align-left e-grid-align-mobile-left elementor-shape-rounded elementor-grid-0 elementor-widget elementor-widget-social-icons\" data-id=\"f0e1ac7\" data-element_type=\"widget\" data-e-type=\"widget\" data-widget_type=\"social-icons.default\">\n\t\t\t\t\t\t\t<div class=\"elementor-social-icons-wrapper elementor-grid\" role=\"list\">\n\t\t\t\t\t\t\t<span class=\"elementor-grid-item\" role=\"listitem\">\n\t\t\t\t\t<a class=\"elementor-icon elementor-social-icon elementor-social-icon-instagram elementor-repeater-item-6b17155\" target=\"_blank\">\n\t\t\t\t\t\t<span class=\"elementor-screen-only\">Instagram<\/span>\n\t\t\t\t\t\t<svg aria-hidden=\"true\" class=\"e-font-icon-svg e-fab-instagram\" viewBox=\"0 0 448 512\" xmlns=\"http:\/\/www.w3.org\/2000\/svg\"><path d=\"M224.1 141c-63.6 0-114.9 51.3-114.9 114.9s51.3 114.9 114.9 114.9S339 319.5 339 255.9 287.7 141 224.1 141zm0 189.6c-41.1 0-74.7-33.5-74.7-74.7s33.5-74.7 74.7-74.7 74.7 33.5 74.7 74.7-33.6 74.7-74.7 74.7zm146.4-194.3c0 14.9-12 26.8-26.8 26.8-14.9 0-26.8-12-26.8-26.8s12-26.8 26.8-26.8 26.8 12 26.8 26.8zm76.1 27.2c-1.7-35.9-9.9-67.7-36.2-93.9-26.2-26.2-58-34.4-93.9-36.2-37-2.1-147.9-2.1-184.9 0-35.8 1.7-67.6 9.9-93.9 36.1s-34.4 58-36.2 93.9c-2.1 37-2.1 147.9 0 184.9 1.7 35.9 9.9 67.7 36.2 93.9s58 34.4 93.9 36.2c37 2.1 147.9 2.1 184.9 0 35.9-1.7 67.7-9.9 93.9-36.2 26.2-26.2 34.4-58 36.2-93.9 2.1-37 2.1-147.8 0-184.8zM398.8 388c-7.8 19.6-22.9 34.7-42.6 42.6-29.5 11.7-99.5 9-132.1 9s-102.7 2.6-132.1-9c-19.6-7.8-34.7-22.9-42.6-42.6-11.7-29.5-9-99.5-9-132.1s-2.6-102.7 9-132.1c7.8-19.6 22.9-34.7 42.6-42.6 29.5-11.7 99.5-9 132.1-9s102.7-2.6 132.1 9c19.6 7.8 34.7 22.9 42.6 42.6 11.7 29.5 9 99.5 9 132.1s2.7 102.7-9 132.1z\"><\/path><\/svg>\t\t\t\t\t<\/a>\n\t\t\t\t<\/span>\n\t\t\t\t\t\t\t<span class=\"elementor-grid-item\" role=\"listitem\">\n\t\t\t\t\t<a class=\"elementor-icon elementor-social-icon elementor-social-icon-facebook elementor-repeater-item-d533079\" target=\"_blank\">\n\t\t\t\t\t\t<span class=\"elementor-screen-only\">Facebook<\/span>\n\t\t\t\t\t\t<svg aria-hidden=\"true\" class=\"e-font-icon-svg e-fab-facebook\" viewBox=\"0 0 512 512\" xmlns=\"http:\/\/www.w3.org\/2000\/svg\"><path d=\"M504 256C504 119 393 8 256 8S8 119 8 256c0 123.78 90.69 226.38 209.25 245V327.69h-63V256h63v-54.64c0-62.15 37-96.48 93.67-96.48 27.14 0 55.52 4.84 55.52 4.84v61h-31.28c-30.8 0-40.41 19.12-40.41 38.73V256h68.78l-11 71.69h-57.78V501C413.31 482.38 504 379.78 504 256z\"><\/path><\/svg>\t\t\t\t\t<\/a>\n\t\t\t\t<\/span>\n\t\t\t\t\t\t\t<span class=\"elementor-grid-item\" role=\"listitem\">\n\t\t\t\t\t<a class=\"elementor-icon elementor-social-icon elementor-social-icon-youtube elementor-repeater-item-80245a7\" target=\"_blank\">\n\t\t\t\t\t\t<span class=\"elementor-screen-only\">Youtube<\/span>\n\t\t\t\t\t\t<svg aria-hidden=\"true\" class=\"e-font-icon-svg e-fab-youtube\" viewBox=\"0 0 576 512\" xmlns=\"http:\/\/www.w3.org\/2000\/svg\"><path d=\"M549.655 124.083c-6.281-23.65-24.787-42.276-48.284-48.597C458.781 64 288 64 288 64S117.22 64 74.629 75.486c-23.497 6.322-42.003 24.947-48.284 48.597-11.412 42.867-11.412 132.305-11.412 132.305s0 89.438 11.412 132.305c6.281 23.65 24.787 41.5 48.284 47.821C117.22 448 288 448 288 448s170.78 0 213.371-11.486c23.497-6.321 42.003-24.171 48.284-47.821 11.412-42.867 11.412-132.305 11.412-132.305s0-89.438-11.412-132.305zm-317.51 213.508V175.185l142.739 81.205-142.739 81.201z\"><\/path><\/svg>\t\t\t\t\t<\/a>\n\t\t\t\t<\/span>\n\t\t\t\t\t<\/div>\n\t\t\t\t\t\t<\/div>\n\t\t\t\t<\/div>\n\t\t\t\t<\/div>\n\t\t\t\t<\/div>\n\t\t\t\t\t<\/div>\n\t\t\t\t<\/div>\n\t\t<div class=\"elementor-element elementor-element-b01a10b e-flex e-con-boxed e-con e-parent\" data-id=\"b01a10b\" data-element_type=\"container\" data-e-type=\"container\">\n\t\t\t\t\t<div class=\"e-con-inner\">\n\t\t<div class=\"elementor-element elementor-element-78a8019 e-con-full e-flex e-con e-child\" data-id=\"78a8019\" data-element_type=\"container\" data-e-type=\"container\">\n\t\t\t\t<div class=\"elementor-element elementor-element-4cf9890 elementor-widget elementor-widget-text-editor\" data-id=\"4cf9890\" data-element_type=\"widget\" data-e-type=\"widget\" data-widget_type=\"text-editor.default\">\n\t\t\t\t\t\t\t\t\t<p>\u00a9 2025 La Nouvelle bo\u00eete \u00e0 sons. All rights reserved. by <a href=\"https:\/\/www.fiverr.com\/adamoure\"><span style=\"color: #ff7b14;\">AdamOure<\/span><\/a><\/p>\t\t\t\t\t\t\t\t<\/div>\n\t\t\t\t<\/div>\n\t\t<div class=\"elementor-element elementor-element-2cbdfe3 e-con-full e-flex e-con e-child\" data-id=\"2cbdfe3\" data-element_type=\"container\" data-e-type=\"container\">\n\t\t\t\t<div class=\"elementor-element elementor-element-7e8c6c3 elementor-widget elementor-widget-text-editor\" data-id=\"7e8c6c3\" data-element_type=\"widget\" data-e-type=\"widget\" data-widget_type=\"text-editor.default\">\n\t\t\t\t\t\t\t\t\t<p><span style=\"color: #ff7b14;\"><a class=\"wpr-menu-item wpr-pointer-item wpr-active-menu-item\" style=\"color: #ff7b14;\" href=\"https:\/\/lanouvelleboiteasons.com\/index.php\/a-propos\/\" aria-current=\"page\">\u00c0 propos<\/a><\/span><\/p>\t\t\t\t\t\t\t\t<\/div>\n\t\t\t\t<\/div>\n\t\t\t\t\t<\/div>\n\t\t\t\t<\/div>\n\t\t\t\t<\/div>\n\t\t","protected":false},"excerpt":{"rendered":"<p>\u00e0 propos Lucas Fr\u00e9bourg, directeur artistique de LNBS, est un passionn\u00e9 de musique et de\u00a0production. Il a \u00e9tudi\u00e9 au Musician Institute de Los Angeles, o\u00f9 il s\u2019est form\u00e9 en tant que guitariste tout en suivant des cours d\u2019enregistrement et de mixage, nourrissant ainsi sa passion premi\u00e8re : la composition. De retour en France, il rejoint [&hellip;]<\/p>\n","protected":false},"author":1,"featured_media":0,"parent":0,"menu_order":0,"comment_status":"closed","ping_status":"closed","template":"elementor_canvas","meta":{"footnotes":""},"class_list":["post-49","page","type-page","status-publish","hentry"],"_links":{"self":[{"href":"https:\/\/lanouvelleboiteasons.com\/index.php\/wp-json\/wp\/v2\/pages\/49","targetHints":{"allow":["GET"]}}],"collection":[{"href":"https:\/\/lanouvelleboiteasons.com\/index.php\/wp-json\/wp\/v2\/pages"}],"about":[{"href":"https:\/\/lanouvelleboiteasons.com\/index.php\/wp-json\/wp\/v2\/types\/page"}],"author":[{"embeddable":true,"href":"https:\/\/lanouvelleboiteasons.com\/index.php\/wp-json\/wp\/v2\/users\/1"}],"replies":[{"embeddable":true,"href":"https:\/\/lanouvelleboiteasons.com\/index.php\/wp-json\/wp\/v2\/comments?post=49"}],"version-history":[{"count":171,"href":"https:\/\/lanouvelleboiteasons.com\/index.php\/wp-json\/wp\/v2\/pages\/49\/revisions"}],"predecessor-version":[{"id":1282,"href":"https:\/\/lanouvelleboiteasons.com\/index.php\/wp-json\/wp\/v2\/pages\/49\/revisions\/1282"}],"wp:attachment":[{"href":"https:\/\/lanouvelleboiteasons.com\/index.php\/wp-json\/wp\/v2\/media?parent=49"}],"curies":[{"name":"wp","href":"https:\/\/api.w.org\/{rel}","templated":true}]}}